{"id":6006,"date":"2023-09-15T18:37:11","date_gmt":"2023-09-15T16:37:11","guid":{"rendered":"https:\/\/cleanandfree.eu\/programma-di-trattamento-individuale\/"},"modified":"2024-12-12T06:48:42","modified_gmt":"2024-12-12T05:48:42","slug":"programma-di-trattamento-individuale","status":"publish","type":"page","link":"https:\/\/cleanandfree.eu\/it\/programma-di-trattamento-individuale\/","title":{"rendered":"Programma di trattamento individuale"},"content":{"rendered":"<div class=\"flex_column av_one_full  no_margin flex_column_div av-zero-column-padding first  avia-builder-el-0  el_before_av_textblock  avia-builder-el-first  \" style='border-radius:0px; '><div style='padding-bottom:10px; font-size:35px;' class='av-special-heading av-special-heading-h4  blockquote modern-quote  avia-builder-el-1  avia-builder-el-no-sibling   av-inherit-size '><h4 class='av-special-heading-tag '  itemprop=\"headline\"  >CLEAN AND FREE\u00ae \u00e8 l\u2019inizio di una nuova vita senza dipendenze! <\/h4><div class='special-heading-border'><div class='special-heading-inner-border' ><\/div><\/div><\/div><\/div>\n<section class=\"av_textblock_section \"  itemscope=\"itemscope\" itemtype=\"https:\/\/schema.org\/CreativeWork\" ><div class='avia_textblock  '   itemprop=\"text\" ><h1 style=\"text-align: center;\">IL NOSTRO CONCETTO &#8211; UN SOLO CLIENTE&#8221; &#8211; DISCRETO, INTENSIVO, UNICO, COLLAUDATO E 100% INDIVIDUALE CON ASSISTENZA 24\/h<\/h1>\n<p>Dal 1994 la CLEAN AND FREE THERAPY\u00ae \u00e8 stata costantemente perfezionata e oggi \u00e8 probabilmente l&#8217;unico metodo al mondo che pu\u00f2 fare completamente a meno di farmaci tossici. Nei nostri trattamenti utilizziamo solo sostanze naturali sperimentate da decenni.<\/p>\n<p>Nel nostro centro agrituristico di Gozo\/Malta, Hans R. Hoffmann e il suo piccolo team si occupano esclusivamente di voi. Possiamo garantirvi il 100% di discrezione e attenzione illimitata.<\/p>\n<p>Come base vi offriamo lo IONEN DETOX e l&#8217;applicazione CES per disintossicarvi dolcemente e riportarvi a un buono stato chimico.<\/p>\n<p>La nostra misurazione giornaliera della frequenza cardiaca (HRV) mostra il grado di risposta alle applicazioni e al programma mentale. La meditazione mattutina e serale e l&#8217;allenamento alla respirazione devono essere completati ogni giorno per lavorare su un nuovo STATO D&#8217;ESSERE.<\/p>\n<p>Ogni giorno vengono forniti pasti preparati al momento per favorire la disintossicazione. L&#8217;acqua esagonale, appositamente preparata, purifica intensamente le cellule del vostro corpo e vi porta in breve tempo in uno stato ottimale per condurre una vita felice e senza dipendenze.<\/p>\n<p>Riceverete massaggi e agopuntura, oltre ad altri trattamenti naturali per rimettervi rapidamente in carreggiata. Non stupitevi, la discrezione e l&#8217;assistenza 24 ore su 24<\/p>\n<p>Sarete seguiti personalmente dall&#8217;ideatore della CLEAN AND FREE THERAPY\u00ae.<\/p>\n<\/div><\/section>\n<section class=\"av_textblock_section \"  itemscope=\"itemscope\" itemtype=\"https:\/\/schema.org\/CreativeWork\" ><div class='avia_textblock  '   itemprop=\"text\" ><p><strong>Ecco il programma detox di 5 giorni <\/strong><\/p>\n<h2><span style=\"color: #3366ff;\"><a style=\"color: #3366ff;\" href=\"https:\/\/cleanandfree.eu\/wp-content\/uploads\/2024\/03\/5-giorni-detox.pdf\">5 giorni detox<\/a><\/span><\/h2>\n<\/div><\/section>\n<section class=\"av_textblock_section \"  itemscope=\"itemscope\" itemtype=\"https:\/\/schema.org\/CreativeWork\" ><div class='avia_textblock  '   itemprop=\"text\" ><h3>LE NOSTRE OFFERTE PER VOI<br \/>\nPROGRAMMA PREMIUM DI DISINTOSSICAZIONE DI 7 GIORNI compreso l&#8217;arrivo e la partenza\u00a0PER LIBERARE I TOSSICODIPENDENTI CON PROBLEMI DI ALCOLISMO<\/h3>\n<p>Anamnesi dettagliata con Hans R. Hoffmann<\/p>\n<p><strong>Novit\u00e0!!!<\/strong> 5 Agopuntura ad alta frequenza<br \/>\nProgramma mentale intensivo per superare la dipendenza da alcol con Hans R. Hoffmann<br \/>\nMeditazione e respirazione mattutina e serale<br \/>\nEmozionanti film tematici sull&#8217;approccio terapeutico di Hans R. Hoffmann<br \/>\nSessione giornaliera di Ion Detox e CES<br \/>\nAgopuntura, trattamento con moxa, misurazione dell&#8217;HRV<br \/>\nDue trattamenti di massaggio intensivo da parte del nostro operatore del corpo<br \/>\nUso gratuito di piscina, jacuzzi e sauna<br \/>\nPasti preparati al momento ogni giorno, su misura per i vostri gusti e la vostra marmellata detox.<br \/>\nSfida domestica online di 100 giorni per il massimo sollievo dalle dipendenze.<br \/>\n<strong>Il prezzo include alloggio\/pasti\/trasferimenti Malta-Gozo-Malta\/tutti i trattamenti 7.950,-\u20ac.<\/strong><\/p>\n<\/div><\/section>\n<div style='padding-bottom:30px; font-size:20px;' class='av-special-heading av-special-heading-h2  blockquote modern-quote modern-centered  avia-builder-el-5  el_after_av_textblock  el_before_av_one_full   av-inherit-size '><h2 class='av-special-heading-tag '  itemprop=\"headline\"  >Prenota qui direttamente il tuo soggiorno<\/h2><div class='special-heading-border'><div class='special-heading-inner-border' ><\/div><\/div><\/div>\n<div class=\"flex_column av_one_full  flex_column_div av-zero-column-padding first  avia-builder-el-6  el_after_av_heading  avia-builder-el-last  \" style='border-radius:0px; '><div class='avia-button-wrap avia-button-center  avia-builder-el-7  avia-builder-el-no-sibling  '><a href='https:\/\/cleanandfree.eu\/event\/unsere-angebote\/'  class='avia-button   avia-icon_select-no avia-color-theme-color avia-size-x-large avia-position-center '   ><span class='avia_iconbox_title' >Al modulo di prenotazione...<\/span><\/a><\/div><\/div>\n","protected":false},"excerpt":{"rendered":"","protected":false},"author":4,"featured_media":0,"parent":0,"menu_order":0,"comment_status":"closed","ping_status":"closed","template":"template-blank.php","meta":{"footnotes":""},"class_list":["post-6006","page","type-page","status-publish","hentry"],"yoast_head":"<!-- This site is optimized with the Yoast SEO plugin v26.5 - https:\/\/yoast.com\/wordpress\/plugins\/seo\/ -->\n<title>Astinenza da alcool: privata e discreta - per una vita senza alcool<\/title>\n<meta name=\"description\" content=\"Siete alla ricerca di un&#039;astinenza dolce dall&#039;alcol e di uno svezzamento sostenibile dall&#039;alcol? Vi aiutiamo con il nostro approccio terapeutico basato sulla scienza!\" \/>\n<meta name=\"robots\" content=\"index, follow, max-snippet:-1, max-image-preview:large, max-video-preview:-1\" \/>\n<link rel=\"canonical\" href=\"https:\/\/cleanandfree.eu\/it\/programma-di-trattamento-individuale\/\" \/>\n<meta property=\"og:locale\" content=\"it_IT\" \/>\n<meta property=\"og:type\" content=\"article\" \/>\n<meta property=\"og:title\" content=\"Astinenza da alcool: privata e discreta - per una vita senza alcool\" \/>\n<meta property=\"og:description\" content=\"Siete alla ricerca di un&#039;astinenza dolce dall&#039;alcol e di uno svezzamento sostenibile dall&#039;alcol? Vi aiutiamo con il nostro approccio terapeutico basato sulla scienza!\" \/>\n<meta property=\"og:url\" content=\"https:\/\/cleanandfree.eu\/it\/programma-di-trattamento-individuale\/\" \/>\n<meta property=\"og:site_name\" content=\"Die ultimative Suchtbefreiung, diskret und schnell\" \/>\n<meta property=\"article:modified_time\" content=\"2024-12-12T05:48:42+00:00\" \/>\n<meta name=\"twitter:card\" content=\"summary_large_image\" \/>\n<meta name=\"twitter:label1\" content=\"Tempo di lettura stimato\" \/>\n\t<meta name=\"twitter:data1\" content=\"4 minuti\" \/>\n<script type=\"application\/ld+json\" class=\"yoast-schema-graph\">{\"@context\":\"https:\/\/schema.org\",\"@graph\":[{\"@type\":\"WebPage\",\"@id\":\"https:\/\/cleanandfree.eu\/it\/programma-di-trattamento-individuale\/\",\"url\":\"https:\/\/cleanandfree.eu\/it\/programma-di-trattamento-individuale\/\",\"name\":\"Astinenza da alcool: privata e discreta - per una vita senza alcool\",\"isPartOf\":{\"@id\":\"https:\/\/cleanandfree.eu\/it\/#website\"},\"datePublished\":\"2023-09-15T16:37:11+00:00\",\"dateModified\":\"2024-12-12T05:48:42+00:00\",\"description\":\"Siete alla ricerca di un'astinenza dolce dall'alcol e di uno svezzamento sostenibile dall'alcol? Vi aiutiamo con il nostro approccio terapeutico basato sulla scienza!\",\"breadcrumb\":{\"@id\":\"https:\/\/cleanandfree.eu\/it\/programma-di-trattamento-individuale\/#breadcrumb\"},\"inLanguage\":\"it-IT\",\"potentialAction\":[{\"@type\":\"ReadAction\",\"target\":[\"https:\/\/cleanandfree.eu\/it\/programma-di-trattamento-individuale\/\"]}]},{\"@type\":\"BreadcrumbList\",\"@id\":\"https:\/\/cleanandfree.eu\/it\/programma-di-trattamento-individuale\/#breadcrumb\",\"itemListElement\":[{\"@type\":\"ListItem\",\"position\":1,\"name\":\"Home\",\"item\":\"https:\/\/cleanandfree.eu\/it\/benvenuti\/\"},{\"@type\":\"ListItem\",\"position\":2,\"name\":\"Programma di trattamento individuale\"}]},{\"@type\":\"WebSite\",\"@id\":\"https:\/\/cleanandfree.eu\/it\/#website\",\"url\":\"https:\/\/cleanandfree.eu\/it\/\",\"name\":\"Die ultimative Suchtbefreiung, diskret und schnell\",\"description\":\"The ultimate addiction relief, discreet and fast\",\"potentialAction\":[{\"@type\":\"SearchAction\",\"target\":{\"@type\":\"EntryPoint\",\"urlTemplate\":\"https:\/\/cleanandfree.eu\/it\/?s={search_term_string}\"},\"query-input\":{\"@type\":\"PropertyValueSpecification\",\"valueRequired\":true,\"valueName\":\"search_term_string\"}}],\"inLanguage\":\"it-IT\"}]}<\/script>\n<!-- \/ Yoast SEO plugin. -->","yoast_head_json":{"title":"Astinenza da alcool: privata e discreta - per una vita senza alcool","description":"Siete alla ricerca di un'astinenza dolce dall'alcol e di uno svezzamento sostenibile dall'alcol? Vi aiutiamo con il nostro approccio terapeutico basato sulla scienza!","robots":{"index":"index","follow":"follow","max-snippet":"max-snippet:-1","max-image-preview":"max-image-preview:large","max-video-preview":"max-video-preview:-1"},"canonical":"https:\/\/cleanandfree.eu\/it\/programma-di-trattamento-individuale\/","og_locale":"it_IT","og_type":"article","og_title":"Astinenza da alcool: privata e discreta - per una vita senza alcool","og_description":"Siete alla ricerca di un'astinenza dolce dall'alcol e di uno svezzamento sostenibile dall'alcol? Vi aiutiamo con il nostro approccio terapeutico basato sulla scienza!","og_url":"https:\/\/cleanandfree.eu\/it\/programma-di-trattamento-individuale\/","og_site_name":"Die ultimative Suchtbefreiung, diskret und schnell","article_modified_time":"2024-12-12T05:48:42+00:00","twitter_card":"summary_large_image","twitter_misc":{"Tempo di lettura stimato":"4 minuti"},"schema":{"@context":"https:\/\/schema.org","@graph":[{"@type":"WebPage","@id":"https:\/\/cleanandfree.eu\/it\/programma-di-trattamento-individuale\/","url":"https:\/\/cleanandfree.eu\/it\/programma-di-trattamento-individuale\/","name":"Astinenza da alcool: privata e discreta - per una vita senza alcool","isPartOf":{"@id":"https:\/\/cleanandfree.eu\/it\/#website"},"datePublished":"2023-09-15T16:37:11+00:00","dateModified":"2024-12-12T05:48:42+00:00","description":"Siete alla ricerca di un'astinenza dolce dall'alcol e di uno svezzamento sostenibile dall'alcol? Vi aiutiamo con il nostro approccio terapeutico basato sulla scienza!","breadcrumb":{"@id":"https:\/\/cleanandfree.eu\/it\/programma-di-trattamento-individuale\/#breadcrumb"},"inLanguage":"it-IT","potentialAction":[{"@type":"ReadAction","target":["https:\/\/cleanandfree.eu\/it\/programma-di-trattamento-individuale\/"]}]},{"@type":"BreadcrumbList","@id":"https:\/\/cleanandfree.eu\/it\/programma-di-trattamento-individuale\/#breadcrumb","itemListElement":[{"@type":"ListItem","position":1,"name":"Home","item":"https:\/\/cleanandfree.eu\/it\/benvenuti\/"},{"@type":"ListItem","position":2,"name":"Programma di trattamento individuale"}]},{"@type":"WebSite","@id":"https:\/\/cleanandfree.eu\/it\/#website","url":"https:\/\/cleanandfree.eu\/it\/","name":"Die ultimative Suchtbefreiung, diskret und schnell","description":"The ultimate addiction relief, discreet and fast","potentialAction":[{"@type":"SearchAction","target":{"@type":"EntryPoint","urlTemplate":"https:\/\/cleanandfree.eu\/it\/?s={search_term_string}"},"query-input":{"@type":"PropertyValueSpecification","valueRequired":true,"valueName":"search_term_string"}}],"inLanguage":"it-IT"}]}},"_links":{"self":[{"href":"https:\/\/cleanandfree.eu\/it\/wp-json\/wp\/v2\/pages\/6006","targetHints":{"allow":["GET"]}}],"collection":[{"href":"https:\/\/cleanandfree.eu\/it\/wp-json\/wp\/v2\/pages"}],"about":[{"href":"https:\/\/cleanandfree.eu\/it\/wp-json\/wp\/v2\/types\/page"}],"author":[{"embeddable":true,"href":"https:\/\/cleanandfree.eu\/it\/wp-json\/wp\/v2\/users\/4"}],"replies":[{"embeddable":true,"href":"https:\/\/cleanandfree.eu\/it\/wp-json\/wp\/v2\/comments?post=6006"}],"version-history":[{"count":10,"href":"https:\/\/cleanandfree.eu\/it\/wp-json\/wp\/v2\/pages\/6006\/revisions"}],"predecessor-version":[{"id":7463,"href":"https:\/\/cleanandfree.eu\/it\/wp-json\/wp\/v2\/pages\/6006\/revisions\/7463"}],"wp:attachment":[{"href":"https:\/\/cleanandfree.eu\/it\/wp-json\/wp\/v2\/media?parent=6006"}],"curies":[{"name":"wp","href":"https:\/\/api.w.org\/{rel}","templated":true}]}}